{"id":37,"date":"2024-03-11T10:10:56","date_gmt":"2024-03-11T10:10:56","guid":{"rendered":"https:\/\/encrypt-online.de\/?page_id=37"},"modified":"2025-04-16T14:54:54","modified_gmt":"2025-04-16T14:54:54","slug":"home","status":"publish","type":"page","link":"https:\/\/encrypt-online.de\/","title":{"rendered":"Service nach Gesch\u00e4ftsfeld und Informatives"},"content":{"rendered":"\n<div class=\"wp-block-columns is-layout-flex wp-container-core-columns-is-layout-1 wp-block-columns-is-layout-flex\" style=\"margin-top:0;margin-bottom:0;padding-top:var(--wp--preset--spacing--30);padding-right:var(--wp--preset--spacing--80);padding-bottom:var(--wp--preset--spacing--30);padding-left:var(--wp--preset--spacing--80)\">\n<div class=\"wp-block-column has-cyan-bluish-gray-background-color has-background is-layout-flow wp-container-core-column-is-layout-1 wp-block-column-is-layout-flow\" style=\"padding-top:var(--wp--preset--spacing--30);padding-right:var(--wp--preset--spacing--30);padding-bottom:var(--wp--preset--spacing--30);padding-left:var(--wp--preset--spacing--30);box-shadow:var(--wp--preset--shadow--sharp)\">\n<figure class=\"wp-block-image aligncenter size-full\"><img loading=\"lazy\" decoding=\"async\" width=\"150\" height=\"150\" src=\"https:\/\/encrypt-online.de\/wp-content\/uploads\/2024\/03\/zertifikat-150x150-1.png\" alt=\"\" class=\"wp-image-83\"\/><\/figure>\n\n\n\n<p class=\"has-text-align-center\"><a href=\"https:\/\/encrypt-online.de\/?page_id=8\" data-type=\"page\" data-id=\"8\">F\u00fcr Gesch\u00e4ftskunden<br>(B2B)<\/a><\/p>\n<\/div>\n\n\n\n<div class=\"wp-block-column has-cyan-bluish-gray-background-color has-background is-layout-flow wp-container-core-column-is-layout-2 wp-block-column-is-layout-flow\" style=\"border-style:none;border-width:0px;padding-top:var(--wp--preset--spacing--30);padding-right:var(--wp--preset--spacing--30);padding-bottom:var(--wp--preset--spacing--30);padding-left:var(--wp--preset--spacing--30);box-shadow:var(--wp--preset--shadow--sharp)\">\n<figure class=\"wp-block-image aligncenter size-full\"><img loading=\"lazy\" decoding=\"async\" width=\"150\" height=\"150\" src=\"https:\/\/encrypt-online.de\/wp-content\/uploads\/2024\/03\/checkliste-150x150-1.png\" alt=\"\" class=\"wp-image-96\"\/><\/figure>\n\n\n\n<p class=\"has-text-align-center\"><a href=\"https:\/\/encrypt-online.de\/?page_id=7\" data-type=\"page\" data-id=\"7\">F\u00fcr Privatkunden<br>(B2C)<\/a><\/p>\n<\/div>\n\n\n\n<div class=\"wp-block-column has-cyan-bluish-gray-background-color has-background is-layout-flow wp-container-core-column-is-layout-3 wp-block-column-is-layout-flow\" style=\"padding-top:var(--wp--preset--spacing--30);padding-right:var(--wp--preset--spacing--30);padding-bottom:var(--wp--preset--spacing--30);padding-left:var(--wp--preset--spacing--30);box-shadow:var(--wp--preset--shadow--sharp)\">\n<figure class=\"wp-block-image aligncenter size-full\"><img loading=\"lazy\" decoding=\"async\" width=\"150\" height=\"150\" src=\"https:\/\/encrypt-online.de\/wp-content\/uploads\/2024\/03\/gluehbirne-150x150-1.png\" alt=\"\" class=\"wp-image-67\"\/><\/figure>\n\n\n\n<p class=\"has-text-align-center\"><a href=\"https:\/\/encrypt-online.de\/?page_id=17\" data-type=\"page\" data-id=\"17\">T\u00e4tigkeitsgebiete<\/a><\/p>\n<\/div>\n\n\n\n<div class=\"wp-block-column has-cyan-bluish-gray-background-color has-background is-layout-flow wp-container-core-column-is-layout-4 wp-block-column-is-layout-flow\" style=\"padding-top:var(--wp--preset--spacing--30);padding-right:var(--wp--preset--spacing--30);padding-bottom:var(--wp--preset--spacing--30);padding-left:var(--wp--preset--spacing--30);box-shadow:var(--wp--preset--shadow--sharp)\">\n<figure class=\"wp-block-image aligncenter size-full\"><img loading=\"lazy\" decoding=\"async\" width=\"150\" height=\"150\" src=\"https:\/\/encrypt-online.de\/wp-content\/uploads\/2024\/03\/kontat_at-3-150x150-1.png\" alt=\"\" class=\"wp-image-105\"\/><\/figure>\n\n\n\n<p class=\"has-text-align-center\"><a href=\"https:\/\/encrypt-online.de\/?page_id=6\" data-type=\"page\" data-id=\"6\">Kontakt<\/a><\/p>\n<\/div>\n<\/div>\n","protected":false},"excerpt":{"rendered":"<p>F\u00fcr Gesch\u00e4ftskunden(B2B) F\u00fcr Privatkunden(B2C) T\u00e4tigkeitsgebiete Kontakt<\/p>\n","protected":false},"author":1,"featured_media":0,"parent":0,"menu_order":0,"comment_status":"closed","ping_status":"closed","template":"","meta":{"footnotes":""},"class_list":["post-37","page","type-page","status-publish","hentry"],"_links":{"self":[{"href":"https:\/\/encrypt-online.de\/index.php?rest_route=\/wp\/v2\/pages\/37"}],"collection":[{"href":"https:\/\/encrypt-online.de\/index.php?rest_route=\/wp\/v2\/pages"}],"about":[{"href":"https:\/\/encrypt-online.de\/index.php?rest_route=\/wp\/v2\/types\/page"}],"author":[{"embeddable":true,"href":"https:\/\/encrypt-online.de\/index.php?rest_route=\/wp\/v2\/users\/1"}],"replies":[{"embeddable":true,"href":"https:\/\/encrypt-online.de\/index.php?rest_route=%2Fwp%2Fv2%2Fcomments&post=37"}],"version-history":[{"count":13,"href":"https:\/\/encrypt-online.de\/index.php?rest_route=\/wp\/v2\/pages\/37\/revisions"}],"predecessor-version":[{"id":162,"href":"https:\/\/encrypt-online.de\/index.php?rest_route=\/wp\/v2\/pages\/37\/revisions\/162"}],"wp:attachment":[{"href":"https:\/\/encrypt-online.de\/index.php?rest_route=%2Fwp%2Fv2%2Fmedia&parent=37"}],"curies":[{"name":"wp","href":"https:\/\/api.w.org\/{rel}","templated":true}]}}