{"id":42,"date":"2024-03-11T10:34:42","date_gmt":"2024-03-11T10:34:42","guid":{"rendered":"https:\/\/encrypt-online.de\/?page_id=42"},"modified":"2025-04-16T13:34:32","modified_gmt":"2025-04-16T13:34:32","slug":"impressum","status":"publish","type":"page","link":"https:\/\/encrypt-online.de\/?page_id=42","title":{"rendered":"Impressum"},"content":{"rendered":"\n<p><em>Anbieter dieser Internetseite ist:<\/em><\/p>\n\n\n\n<p><em>Christian Rudolph<\/em><\/p>\n\n\n\n<p><em>Siedlerstr. 44<\/em><\/p>\n\n\n\n<p><em>98596 Brotterode<\/em><\/p>\n\n\n\n<p><em>Telefon: (0152) 537 117 94<\/em><\/p>\n\n\n\n<p><em>E-Mail: service@encrypt-online.de<\/em><\/p>\n\n\n\n<p><em>Inhaltlich Verantwortlicher gem\u00e4\u00df \u00a7 18 Abs. 2 MStV: Christian Rudolph<\/em><\/p>\n\n\n\n<p>Steuernummer 156\/264\/00512<\/p>\n\n\n\n<p>Nach \u00a719 Abs. 1 UStG wird keine USt abgef\u00fchrt und ausgewiesen.<\/p>\n\n\n\n<p><em>Quelle: <a href=\"https:\/\/www.muster-impressum.de\/\">https:\/\/www.muster-impressum.de<\/a><\/em><\/p>\n\n\n\n<p>Hinweise:<\/p>\n\n\n\n<p>Kleinunternehmer i. S. v. \u00a7 19 Abs. 1 UStG haben ein Wahlrecht, ob sie Umsatzsteuer abf\u00fchren wollen. Entscheiden sie sich gegen die Abf\u00fchrung, ben\u00f6tigen sie grunds\u00e4tzlich keine Umsatzsteuer-Identifikationsnummer. Verf\u00fcgen sie \u00fcber keine Umsatzsteuer-Identifikationsnummer, m\u00fcssen sie auch im Impressum keine solche angeben. Hinzu kommt, dass Kleinunternehmer h\u00e4ufig nicht ins Handelsregister eingetragen sind, so dass auch insoweit keine Angaben erforderlich sind. Besteht allerdings eine Registereintragung oder wurde eine Umsatzsteuer-Identifikationsnummer erteilt, sind die entsprechenden Angaben zu machen. Das Muster geht davon aus, dass keine Umsatzsteuer-Identifikationsnummer vorliegt und dass der Betreiber der Internetseite nicht ins Handelsregister eingetragen ist. F\u00fcr das Muster wurde ferner von einem journalistisch-redaktionell gestalteten Angebot ausgegangen, so dass die Anbieterkennzeichnung nach \u00a7 18 Abs. 2 MStV gesondert aufgenommen wurde.<\/p>\n","protected":false},"excerpt":{"rendered":"<p>Anbieter dieser Internetseite ist: Christian Rudolph Siedlerstr. 44 98596 Brotterode Telefon: (0152) 537 117 94 E-Mail: service@encrypt-online.de Inhaltlich Verantwortlicher gem\u00e4\u00df \u00a7 18 Abs. 2 MStV: Christian Rudolph Steuernummer 156\/264\/00512 Nach \u00a719 Abs. 1 UStG wird keine USt abgef\u00fchrt und ausgewiesen. Quelle: https:\/\/www.muster-impressum.de Hinweise: Kleinunternehmer i. S. v. \u00a7 19 Abs. 1 UStG haben ein Wahlrecht,&#8230;<\/p>\n","protected":false},"author":1,"featured_media":0,"parent":0,"menu_order":0,"comment_status":"closed","ping_status":"closed","template":"","meta":{"footnotes":""},"class_list":["post-42","page","type-page","status-publish","hentry"],"_links":{"self":[{"href":"https:\/\/encrypt-online.de\/index.php?rest_route=\/wp\/v2\/pages\/42"}],"collection":[{"href":"https:\/\/encrypt-online.de\/index.php?rest_route=\/wp\/v2\/pages"}],"about":[{"href":"https:\/\/encrypt-online.de\/index.php?rest_route=\/wp\/v2\/types\/page"}],"author":[{"embeddable":true,"href":"https:\/\/encrypt-online.de\/index.php?rest_route=\/wp\/v2\/users\/1"}],"replies":[{"embeddable":true,"href":"https:\/\/encrypt-online.de\/index.php?rest_route=%2Fwp%2Fv2%2Fcomments&post=42"}],"version-history":[{"count":4,"href":"https:\/\/encrypt-online.de\/index.php?rest_route=\/wp\/v2\/pages\/42\/revisions"}],"predecessor-version":[{"id":143,"href":"https:\/\/encrypt-online.de\/index.php?rest_route=\/wp\/v2\/pages\/42\/revisions\/143"}],"wp:attachment":[{"href":"https:\/\/encrypt-online.de\/index.php?rest_route=%2Fwp%2Fv2%2Fmedia&parent=42"}],"curies":[{"name":"wp","href":"https:\/\/api.w.org\/{rel}","templated":true}]}}