{"id":6,"date":"2024-03-11T09:00:06","date_gmt":"2024-03-11T09:00:06","guid":{"rendered":"https:\/\/encrypt-online.de\/?page_id=6"},"modified":"2025-04-16T14:39:49","modified_gmt":"2025-04-16T14:39:49","slug":"kontakt","status":"publish","type":"page","link":"https:\/\/encrypt-online.de\/?page_id=6","title":{"rendered":"Kontakt"},"content":{"rendered":"\n<p class=\"has-background\" style=\"background-color:#ffffff70;margin-top:0;margin-bottom:0\">F\u00fcr Anfragen, Anregungen, und alles Weitere bin ich selbstverst\u00e4ndlich gern Pers\u00f6nlich f\u00fcr Sie da. <br><br>Da ich den Service als Nebengewerbe Betreibe bitte ich Sie den Erstkontakt schriftlich per Mail, Messanger oder SMS herzustellen. Ich rufe dann schnellstm\u00f6glich zur\u00fcck und wir besprechen alles Weitere.<\/p>\n\n\n\n<div class=\"wp-block-group has-background has-global-padding is-content-justification-left is-layout-constrained wp-container-core-group-is-layout-1 wp-block-group-is-layout-constrained\" style=\"background-color:#ffffff70;margin-top:0;margin-bottom:0\">\n<div class=\"wp-block-columns is-layout-flex wp-container-core-columns-is-layout-1 wp-block-columns-is-layout-flex\">\n<div class=\"wp-block-column is-layout-flow wp-block-column-is-layout-flow\" style=\"flex-basis:10%\">\n<figure class=\"wp-block-image size-full\"><img loading=\"lazy\" decoding=\"async\" width=\"150\" height=\"150\" src=\"https:\/\/encrypt-online.de\/wp-content\/uploads\/2024\/03\/kontat_at-3-150x150-1.png\" alt=\"\" class=\"wp-image-105\"\/><\/figure>\n\n\n\n<figure class=\"wp-block-image size-full\"><img loading=\"lazy\" decoding=\"async\" width=\"150\" height=\"150\" src=\"https:\/\/encrypt-online.de\/wp-content\/uploads\/2024\/03\/kontakt-messanger-1-150x150-1.png\" alt=\"\" class=\"wp-image-107\"\/><\/figure>\n<\/div>\n\n\n\n<div class=\"wp-block-column is-layout-flow wp-block-column-is-layout-flow\">\n<p class=\"has-text-align-left has-medium-font-size\"><a href=\"mailto:Service@encrypt-online.de\">Service@encrypt-online.de<\/a><br><\/p>\n\n\n\n<p> <\/p>\n\n\n\n<p>+49 (0) 152 537 117 94<br>F\u00fcr den Kontakt via SMS, Whatsapp und Telegram<\/p>\n<\/div>\n<\/div>\n<\/div>\n\n\n\n<p><\/p>\n","protected":false},"excerpt":{"rendered":"<p>F\u00fcr Anfragen, Anregungen, und alles Weitere bin ich selbstverst\u00e4ndlich gern Pers\u00f6nlich f\u00fcr Sie da. Da ich den Service als Nebengewerbe Betreibe bitte ich Sie den Erstkontakt schriftlich per Mail, Messanger oder SMS herzustellen. Ich rufe dann schnellstm\u00f6glich zur\u00fcck und wir besprechen alles Weitere. Service@encrypt-online.de +49 (0) 152 537 117 94F\u00fcr den Kontakt via SMS, Whatsapp&#8230;<\/p>\n","protected":false},"author":1,"featured_media":0,"parent":0,"menu_order":0,"comment_status":"closed","ping_status":"closed","template":"","meta":{"footnotes":""},"class_list":["post-6","page","type-page","status-publish","hentry"],"_links":{"self":[{"href":"https:\/\/encrypt-online.de\/index.php?rest_route=\/wp\/v2\/pages\/6"}],"collection":[{"href":"https:\/\/encrypt-online.de\/index.php?rest_route=\/wp\/v2\/pages"}],"about":[{"href":"https:\/\/encrypt-online.de\/index.php?rest_route=\/wp\/v2\/types\/page"}],"author":[{"embeddable":true,"href":"https:\/\/encrypt-online.de\/index.php?rest_route=\/wp\/v2\/users\/1"}],"replies":[{"embeddable":true,"href":"https:\/\/encrypt-online.de\/index.php?rest_route=%2Fwp%2Fv2%2Fcomments&post=6"}],"version-history":[{"count":8,"href":"https:\/\/encrypt-online.de\/index.php?rest_route=\/wp\/v2\/pages\/6\/revisions"}],"predecessor-version":[{"id":157,"href":"https:\/\/encrypt-online.de\/index.php?rest_route=\/wp\/v2\/pages\/6\/revisions\/157"}],"wp:attachment":[{"href":"https:\/\/encrypt-online.de\/index.php?rest_route=%2Fwp%2Fv2%2Fmedia&parent=6"}],"curies":[{"name":"wp","href":"https:\/\/api.w.org\/{rel}","templated":true}]}}