{"id":7,"date":"2024-03-11T09:00:06","date_gmt":"2024-03-11T09:00:06","guid":{"rendered":"https:\/\/encrypt-online.de\/?page_id=7"},"modified":"2025-04-16T14:49:03","modified_gmt":"2025-04-16T14:49:03","slug":"privatkunden-b2c","status":"publish","type":"page","link":"https:\/\/encrypt-online.de\/?page_id=7","title":{"rendered":"Privatkunden (B2C)"},"content":{"rendered":"\n<div class=\"wp-block-columns has-background is-layout-flex wp-container-core-columns-is-layout-1 wp-block-columns-is-layout-flex\" style=\"background-color:#ffffff70\">\n<div class=\"wp-block-column has-cyan-bluish-gray-background-color has-background is-layout-flow wp-block-column-is-layout-flow\" style=\"box-shadow:var(--wp--preset--shadow--sharp)\">\n<figure class=\"wp-block-image size-full\"><img loading=\"lazy\" decoding=\"async\" width=\"150\" height=\"150\" src=\"https:\/\/encrypt-online.de\/wp-content\/uploads\/2024\/03\/reparatur-150x150-1.png\" alt=\"\" class=\"wp-image-66\"\/><\/figure>\n\n\n\n<p><strong>Reparatur und Wartung<\/strong><\/p>\n\n\n\n<p>Um die Lebensdauer ihres Computers zu verl\u00e4ngern, sollten Sie ihn regelm\u00e4\u00dfig pflegen. Ein guter Anhaltspunkt ist der T\u00dcV Ihres Fahrzeuges. Alle 2 Jahre eine Inspektion kann die Lebensdauer ihres Computers betr\u00e4chtlich verl\u00e4ngern. Gerne \u00fcbernehme ich dies f\u00fcr Sie und erkl\u00e4re Ihnen den Ablauf, sodass sie diese Routinet\u00e4tigkeit das n\u00e4chste Mal vielleicht schon selbst erledigen k\u00f6nnen.<\/p>\n\n\n\n<p>Au\u00dferdem bin ich f\u00fcr Sie da, wenn ihre Technik Probleme macht. Der Computer geht nicht mehr an, wird langsam oder verh\u00e4lt sich ungew\u00f6hnlich? Kein Problem, fast alle Probleme lassen sich Zeitnah bei Ihnen L\u00f6sen. Vom Austausch defekter Bauteile bis hin zur Installation neuer Komponenten.<\/p>\n\n\n\n<p>Z\u00f6gern Sie nicht zu Fragen, gemeinsam finden wir schon eine L\u00f6sung.<\/p>\n<\/div>\n\n\n\n<div class=\"wp-block-column has-cyan-bluish-gray-background-color has-background is-layout-flow wp-block-column-is-layout-flow\" style=\"box-shadow:var(--wp--preset--shadow--sharp)\">\n<figure class=\"wp-block-image size-full\"><img loading=\"lazy\" decoding=\"async\" width=\"150\" height=\"150\" src=\"https:\/\/encrypt-online.de\/wp-content\/uploads\/2024\/03\/gluehbirne-150x150-1.png\" alt=\"\" class=\"wp-image-67\"\/><\/figure>\n\n\n\n<p><strong>Beratung<\/strong><\/p>\n\n\n\n<p>Sie sind sich nicht sicher wie viel Leistung sie ben\u00f6tigen? Sie m\u00f6chten nicht f\u00fcr Funktionen bezahlen, welche Sie gar nicht ben\u00f6tigen? Kein Problem auch hierbei stehe ich Ihnen zur Seite.<\/p>\n\n\n\n<p>Durch die schnelle Entwicklung der Technik sind vielleicht auch Dinge m\u00f6glich, die Sie gerne h\u00e4tten aber bisher einfach nicht daran gedacht haben. W-LAN auf einem gro\u00dfen Grundst\u00fcck auch in der letzten Ecke des Gartens oder Schnurlostelefone (DECT) mit einer Reichweite bis ins Gew\u00e4chshaus? Alles kein Problem.<\/p>\n<\/div>\n<\/div>\n\n\n\n<div class=\"wp-block-columns has-background is-layout-flex wp-container-core-columns-is-layout-2 wp-block-columns-is-layout-flex\" style=\"background-color:#ffffff70\">\n<div class=\"wp-block-column has-cyan-bluish-gray-background-color has-background is-layout-flow wp-block-column-is-layout-flow\" style=\"box-shadow:var(--wp--preset--shadow--sharp)\">\n<figure class=\"wp-block-image size-full\"><img loading=\"lazy\" decoding=\"async\" width=\"150\" height=\"150\" src=\"https:\/\/encrypt-online.de\/wp-content\/uploads\/2024\/03\/web-150x150-2.png\" alt=\"\" class=\"wp-image-71\"\/><\/figure>\n\n\n\n<p><strong>DSL, Cloud, Internet<\/strong><\/p>\n\n\n\n<p>Gerne unterst\u00fctze ich Sie auch beim Einrichten von Internetverbindungen, Telefonen, Smart-Home L\u00f6sungen und vielen mehr.<\/p>\n\n\n\n<p>Sie m\u00f6chten die volle Kontrolle \u00fcber ihre Daten? Von der einfachen Einrichtung einer Portweiterleitung bis hin zu Netzwerkspeichern als eigene Cloud ist alles m\u00f6glich. So k\u00f6nnen Sie bequem zum Beispiel die Fotos aller Ger\u00e4te im Haushalt zentral und sicher ablegen und haben zu jederzeit die Kontrolle.<\/p>\n\n\n\n<p>Wenn es um Technik geht, ist fast alles m\u00f6glich, z\u00f6gern Sie nicht zu Fragen. Gemeinsam k\u00f6nnen wir es sicher nach ihren Vorstellungen umsetzen.<\/p>\n<\/div>\n\n\n\n<div class=\"wp-block-column has-cyan-bluish-gray-background-color has-background is-layout-flow wp-block-column-is-layout-flow\" style=\"box-shadow:var(--wp--preset--shadow--sharp)\">\n<figure class=\"wp-block-image size-full is-resized\"><img loading=\"lazy\" decoding=\"async\" width=\"1024\" height=\"1024\" src=\"https:\/\/encrypt-online.de\/wp-content\/uploads\/2024\/03\/festplatte-1024x1024-1.png\" alt=\"\" class=\"wp-image-72\" style=\"width:150px\" srcset=\"https:\/\/encrypt-online.de\/wp-content\/uploads\/2024\/03\/festplatte-1024x1024-1.png 1024w, https:\/\/encrypt-online.de\/wp-content\/uploads\/2024\/03\/festplatte-1024x1024-1-300x300.png 300w, https:\/\/encrypt-online.de\/wp-content\/uploads\/2024\/03\/festplatte-1024x1024-1-150x150.png 150w, https:\/\/encrypt-online.de\/wp-content\/uploads\/2024\/03\/festplatte-1024x1024-1-768x768.png 768w\" sizes=\"(max-width: 1024px) 100vw, 1024px\" \/><\/figure>\n\n\n\n<p><strong>Datensicherung und Datenrettung<\/strong><\/p>\n\n\n\n<p>In der IT unterscheidet man zwischen zwei Personengruppen, die welche eine Datensicherung schon gebraucht haben und denen die sie noch brauchen werden. Um dies anschaulicher zu machen, Stellen Sie sich vor Ihr Smartphone oder Laptop geht einfach aus und nicht mehr an. Was w\u00fcrden Sie verlieren? Die Urlaubsfotos? Die Kontaktdaten?&nbsp;Die&nbsp;Fotos der Kinder? Den Zugang zum Mobile Banking? Ein unsch\u00f6ner Gedanke, zweifellos aber es l\u00e4sst sich vermeiden und ist wahrscheinlich einfacher und g\u00fcnstiger als Sie jetzt denken.<\/p>\n\n\n\n<p>Sollte es schon zu sp\u00e4t sein und Ihr Ger\u00e4t ist defekt, kann ich f\u00fcr Sie selbstverst\u00e4ndlich versuchen die Daten zu retten. Hierbei hilft mir die jahrelange Erfahrung sowie eine Auswahl&nbsp;professioneller Soft.- und Hardware. Ich kann Ihnen leider nicht versprechen, dass wir alles retten k\u00f6nnen. Aus der Erfahrung kann ich jedoch sagen das sich meist ein Gro\u00dfteil aus dem Datengrab zur\u00fcckholen l\u00e4sst.<\/p>\n<\/div>\n<\/div>\n\n\n\n<div class=\"wp-block-columns has-background is-layout-flex wp-container-core-columns-is-layout-3 wp-block-columns-is-layout-flex\" style=\"background-color:#ffffff70\">\n<div class=\"wp-block-column has-cyan-bluish-gray-background-color has-background is-layout-flow wp-block-column-is-layout-flow\" style=\"box-shadow:var(--wp--preset--shadow--sharp)\">\n<figure class=\"wp-block-image size-full is-resized\"><img loading=\"lazy\" decoding=\"async\" width=\"1024\" height=\"1024\" src=\"https:\/\/encrypt-online.de\/wp-content\/uploads\/2024\/03\/check-1024x1024-1.png\" alt=\"\" class=\"wp-image-74\" style=\"width:150px\" srcset=\"https:\/\/encrypt-online.de\/wp-content\/uploads\/2024\/03\/check-1024x1024-1.png 1024w, https:\/\/encrypt-online.de\/wp-content\/uploads\/2024\/03\/check-1024x1024-1-300x300.png 300w, https:\/\/encrypt-online.de\/wp-content\/uploads\/2024\/03\/check-1024x1024-1-150x150.png 150w, https:\/\/encrypt-online.de\/wp-content\/uploads\/2024\/03\/check-1024x1024-1-768x768.png 768w\" sizes=\"(max-width: 1024px) 100vw, 1024px\" \/><\/figure>\n\n\n\n<p><strong>Der Vorteil eines Kleinunternehmens<\/strong><\/p>\n\n\n\n<p>Da ich diese Seite und Dienstleistungen nicht Hauptberuflich betreibe, bin ich nicht in der Lage Gewinn erwirtschaften zu m\u00fcssen. Dies gibt mir die Freiheit auch von unn\u00fctzen Investitionen g\u00e4nzlich abraten zu k\u00f6nnen und genau den Service anzubieten den Sie ben\u00f6tigen, Schluss mit unn\u00f6tigen Zusatzleistungen. Durch die Gewerbeanmeldung und entsprechende Versicherungen besteht jedoch der Vorteil darin, dass alle Beteiligten Rechtlich abgesichert sind. Denn auch bei der Arbeit mit gr\u00f6\u00dfter Sorgfalt kann mal etwas Schiefgehen.<\/p>\n\n\n\n<p>Dadurch das ich hauptberuflich ebenfalls im Fachgebiet T\u00e4tig bin, verf\u00fcge ich stets \u00fcber einen aktuellen Wissensstand in Bezug auf den Stand der Technik, Datenschutz, Sicherheit und vielen weiteren Themen. So profitieren Sie von der IT Erfahrung eines gro\u00dfen Unternehmens zum kleinen Preis.<\/p>\n<\/div>\n<\/div>\n\n\n\n<p><\/p>\n","protected":false},"excerpt":{"rendered":"<p>Reparatur und Wartung Um die Lebensdauer ihres Computers zu verl\u00e4ngern, sollten Sie ihn regelm\u00e4\u00dfig pflegen. Ein guter Anhaltspunkt ist der T\u00dcV Ihres Fahrzeuges. Alle 2 Jahre eine Inspektion kann die Lebensdauer ihres Computers betr\u00e4chtlich verl\u00e4ngern. Gerne \u00fcbernehme ich dies f\u00fcr Sie und erkl\u00e4re Ihnen den Ablauf, sodass sie diese Routinet\u00e4tigkeit das n\u00e4chste Mal vielleicht schon&#8230;<\/p>\n","protected":false},"author":1,"featured_media":0,"parent":0,"menu_order":0,"comment_status":"closed","ping_status":"closed","template":"","meta":{"footnotes":""},"class_list":["post-7","page","type-page","status-publish","hentry"],"_links":{"self":[{"href":"https:\/\/encrypt-online.de\/index.php?rest_route=\/wp\/v2\/pages\/7"}],"collection":[{"href":"https:\/\/encrypt-online.de\/index.php?rest_route=\/wp\/v2\/pages"}],"about":[{"href":"https:\/\/encrypt-online.de\/index.php?rest_route=\/wp\/v2\/types\/page"}],"author":[{"embeddable":true,"href":"https:\/\/encrypt-online.de\/index.php?rest_route=\/wp\/v2\/users\/1"}],"replies":[{"embeddable":true,"href":"https:\/\/encrypt-online.de\/index.php?rest_route=%2Fwp%2Fv2%2Fcomments&post=7"}],"version-history":[{"count":6,"href":"https:\/\/encrypt-online.de\/index.php?rest_route=\/wp\/v2\/pages\/7\/revisions"}],"predecessor-version":[{"id":159,"href":"https:\/\/encrypt-online.de\/index.php?rest_route=\/wp\/v2\/pages\/7\/revisions\/159"}],"wp:attachment":[{"href":"https:\/\/encrypt-online.de\/index.php?rest_route=%2Fwp%2Fv2%2Fmedia&parent=7"}],"curies":[{"name":"wp","href":"https:\/\/api.w.org\/{rel}","templated":true}]}}